{"id":32,"date":"2025-06-09T14:26:17","date_gmt":"2025-06-09T13:26:17","guid":{"rendered":"http:\/\/forumined.ese.ipp.pt\/?page_id=32"},"modified":"2025-12-16T16:10:40","modified_gmt":"2025-12-16T15:10:40","slug":"programa","status":"publish","type":"page","link":"https:\/\/forumined.ese.ipp.pt\/?page_id=32","title":{"rendered":"Programa"},"content":{"rendered":"\n<h2 class=\"wp-block-heading has-black-color has-text-color has-medium-font-size\"><strong>PROGRAMA<\/strong><\/h2>\n\n\n\n<p><\/p>\n\n\n\n<p class=\"has-black-color has-text-color\"><strong>2 de Julho<\/strong> <\/p>\n\n\n\n<p>09h30-10h00 &#8211; Sess\u00e3o de Abertura (A118)<\/p>\n\n\n\n<ul class=\"has-small-font-size wp-block-list\">\n<li>Doutor Jos\u00e9 Alexandre Pinto &#8211; Presidente da ESE-IPP<\/li>\n\n\n\n<li>Doutora Carla Faria &#8211; Presidente da ESE-IPVC<\/li>\n\n\n\n<li>Doutora Cristina Matos &#8211; Vice-Presidente para a Investiga\u00e7\u00e3o do P.PORTO<\/li>\n<\/ul>\n\n\n\n<p>10h00-10h45 &#8211; Confer\u00eancia de Abertura: <em>Planeamento estrat\u00e9gico <\/em>e <em>a\u00e7\u00e3o coletiva<\/em>: <em>desafios<\/em> <em>\u00e0 investiga\u00e7\u00e3o<\/em> <em>em educa\u00e7\u00e3o<\/em><\/p>\n\n\n\n<ul class=\"wp-block-list\">\n<li class=\"has-small-font-size\">Diretora do inED<\/li>\n\n\n\n<li class=\"has-small-font-size\">Coordenadora Polo de Viana do Castelo<\/li>\n\n\n\n<li class=\"has-small-font-size\">Coordenadora Polo de Coimbra<\/li>\n<\/ul>\n\n\n\n<p>10h45-11h00 &#8211; Coffee break<\/p>\n\n\n\n<p>11h00-12h30 &#8211; inED Research Caf\u00e9: Consolida\u00e7\u00e3o das Condi\u00e7\u00f5es de Investiga\u00e7\u00e3o (Edif\u00edcio Biblioteca)<\/p>\n\n\n\n<p>12h30-14h00 &#8211; Almo\u00e7o<\/p>\n\n\n\n<p>14h00-15h00 &#8211; Sess\u00e3o de Posters (18 posters)<\/p>\n\n\n\n<p>15h00-15h45 &#8211; Envolvimento dos estudantes na investiga\u00e7\u00e3o (8 pitch) (A118)<\/p>\n\n\n\n<p>16h00-17h30 &#8211; Simp\u00f3sio 1 &#8211; Desafios da Internacionaliza\u00e7\u00e3o (A118) &#8211; Modera\u00e7\u00e3o de Pedro Rodrigues<\/p>\n\n\n\n<ul class=\"wp-block-list\">\n<li class=\"has-small-font-size\">CARPE &#8211; &nbsp;European Consortium on Applied Research and Professional Education (Network) \u2013 Daniela Mascarenhas<\/li>\n\n\n\n<li class=\"has-small-font-size\">MATRIX \u2013 Math Trails with an Inclusive Perspective on Students Experiences (ERASMUS+ KA2) \u2013 Ana Barbosa<\/li>\n\n\n\n<li class=\"has-small-font-size\">COCAG &#8211; Critical perspectives on career and career guidance (Cost Action) \u2013 Mariana Casanova<\/li>\n\n\n\n<li class=\"has-small-font-size\">IMPAR \u2013 Inovar para Empoderar as Mulheres como Promotoras da Economia Social Subsaariana (ERASMUS+ Refor\u00e7o de Capacidades no Ensino Superior) \u2013 Sofia Gon\u00e7alves e S\u00edlvia Parreiral<\/li>\n\n\n\n<li class=\"has-small-font-size\">EduPlay &#8211; (ERASMUS+ Teacher Academies) \u2013 Sara Ara\u00fajo e S\u00edlvia Barros<\/li>\n<\/ul>\n\n\n\n<p>17h30-17h45 &#8211; Porto de Honra<\/p>\n\n\n\n<div style=\"height:16px\" aria-hidden=\"true\" class=\"wp-block-spacer\"><\/div>\n\n\n\n<p class=\"has-black-color has-text-color\"><strong>3 de Julho<\/strong><\/p>\n\n\n\n<p>09h15-10h45 &#8211; Mesa Redonda &#8211; Transfer\u00eancia de Conhecimento: O Di\u00e1logo Necess\u00e1rio Entre a Investiga\u00e7\u00e3o e a Comunidade (A118)<\/p>\n\n\n\n<ul class=\"wp-block-list\">\n<li class=\"has-small-font-size\">Projeto AprilGrassroots: Construir a Democracia Participativa \u2013 Associa\u00e7\u00f5es populares de Abril no Porto &amp; Associa\u00e7\u00f5es Parceiras &#8211; Isabel Tim\u00f3teo<\/li>\n\n\n\n<li class=\"has-small-font-size\">Projeto RCQI \u2013 a liga\u00e7\u00e3o entre a academia e a comunidade no acolhimento residencial de crian\u00e7as e jovens com incapacidade &#8211; S\u00edlvia Alves &amp; Lar Maristas de Ermesinde<\/li>\n\n\n\n<li class=\"has-small-font-size\">Projeto Aspirante UNESCO Geoparque Litoral de Viana do Castelo: 20 anos de caminho, 4 perspetivas de um mesmo compromisso &#8211; Ricardo Carvalhido<\/li>\n\n\n\n<li class=\"has-small-font-size\">Plataforma BRIDGE &#8211; Miguel Santos<\/li>\n<\/ul>\n\n\n\n<p>10h45-11h00 &#8211; Coffee Break<\/p>\n\n\n\n<p>11h00-12h30 &#8211; Simp\u00f3sio 2 &#8211; Tend\u00eancias Emergentes na Investiga\u00e7\u00e3o em Educa\u00e7\u00e3o (A118)<\/p>\n\n\n\n<ul class=\"wp-block-list\">\n<li class=\"has-small-font-size\">Intelig\u00eancia Artificial na educa\u00e7\u00e3o \u2013 M\u00e1rio Cruz<\/li>\n\n\n\n<li class=\"has-small-font-size\">Educa\u00e7\u00e3o para o Desenvolvimento \u2013 La Salete Coelho<\/li>\n\n\n\n<li class=\"has-small-font-size\">Diversidade e Equidade &#8211; M\u00f3nica Maia<\/li>\n\n\n\n<li class=\"has-small-font-size\">Living Labs \u2013 V\u00edtor Oliveira<\/li>\n<\/ul>\n\n\n\n<p>12h30-14h00 &#8211; Almo\u00e7o<\/p>\n\n\n\n<p>14h00 -17h00 &#8211; Atividade Team Building &#8211; Conhecer o Ecossistema de Investiga\u00e7\u00e3o do inED (Edif\u00edcio Biblioteca) <\/p>\n\n\n\n<ul class=\"wp-block-list\">\n<li class=\"has-small-font-size\"><em>Momento 1 &#8211; <strong>Apresenta\u00e7\u00e3o Projetos Colaborativos inED<\/strong><\/em><\/li>\n\n\n\n<li class=\"has-small-font-size\">Hist\u00f3ria, Educa\u00e7\u00e3o e(m) Liberdade: contributos pedag\u00f3gicos da Revolu\u00e7\u00e3o dos Cravos \u2013 Gon\u00e7alo Marques<\/li>\n\n\n\n<li class=\"has-small-font-size\">+ Power: avaliar um projeto participativo para construir uma gamifica\u00e7\u00e3o inclusiva \u2013 M\u00f3nica Maia<\/li>\n<\/ul>\n\n\n\n<p>17h00-17h15 &#8211; Encerramento <\/p>\n\n\n\n<div style=\"height:143px\" aria-hidden=\"true\" class=\"wp-block-spacer\"><\/div>\n\n\n\n<h2 class=\"wp-block-heading\"><strong>F\u00d3RUM INED&#8217;2<\/strong>5<\/h2>\n\n\n\n<div class=\"wp-block-file\"><a id=\"wp-block-file--media-c8b1a751-0c8d-4958-87ab-2776f19e12a2\" href=\"https:\/\/forumined.ese.ipp.pt\/wp-content\/uploads\/2025\/12\/Livro-de-resumos_Forum-Interno-do-inED-2025-1.pdf\">Livro de resumos<\/a><a href=\"https:\/\/forumined.ese.ipp.pt\/wp-content\/uploads\/2025\/12\/Livro-de-resumos_Forum-Interno-do-inED-2025-1.pdf\" class=\"wp-block-file__button wp-element-button\" download aria-describedby=\"wp-block-file--media-c8b1a751-0c8d-4958-87ab-2776f19e12a2\">Descarregar<\/a><\/div>\n\n\n\n<div style=\"height:40px\" aria-hidden=\"true\" class=\"wp-block-spacer\"><\/div>\n\n\n\n<h2 class=\"wp-block-heading\"><strong>F\u00d3RUM INED&#8217;2<\/strong>3<\/h2>\n\n\n\n<div class=\"wp-block-file\"><a id=\"wp-block-file--media-d83c2da3-2f7a-4be9-a7bf-c1b9054d24b0\" href=\"https:\/\/forumined.ese.ipp.pt\/wp-content\/uploads\/2023\/07\/Programa-Forum-inED_vf-1.pdf\">Programa definitivo<\/a><a href=\"https:\/\/forumined.ese.ipp.pt\/wp-content\/uploads\/2023\/07\/Programa-Forum-inED_vf-1.pdf\" class=\"wp-block-file__button wp-element-button\" download aria-describedby=\"wp-block-file--media-d83c2da3-2f7a-4be9-a7bf-c1b9054d24b0\">Descarregar<\/a><\/div>\n\n\n\n<div class=\"wp-block-file\"><a id=\"wp-block-file--media-fee01b99-e966-46b8-a45d-97ea36bf0dc2\" href=\"https:\/\/forumined.ese.ipp.pt\/wp-content\/uploads\/2023\/07\/Livro-de-resumos-Forum-inED_vf-1.pdf\">Livro de resumos<\/a><a href=\"https:\/\/forumined.ese.ipp.pt\/wp-content\/uploads\/2023\/07\/Livro-de-resumos-Forum-inED_vf-1.pdf\" class=\"wp-block-file__button wp-element-button\" download aria-describedby=\"wp-block-file--media-fee01b99-e966-46b8-a45d-97ea36bf0dc2\">Descarregar<\/a><\/div>\n\n\n\n<div style=\"height:45px\" aria-hidden=\"true\" class=\"wp-block-spacer\"><\/div>\n\n\n\n<h2 class=\"wp-block-heading\"><strong>F\u00d3RUM INED&#8217;21<\/strong><\/h2>\n\n\n\n<div class=\"wp-block-file\"><a id=\"wp-block-file--media-d83c2da3-2f7a-4be9-a7bf-c1b9054d24b0\" href=\"https:\/\/forumined.ese.ipp.pt\/wp-content\/uploads\/2021\/07\/Programa.pdf\">Programa definitivo<\/a><a href=\"https:\/\/forumined.ese.ipp.pt\/wp-content\/uploads\/2021\/07\/Programa.pdf\" class=\"wp-block-file__button wp-element-button\" download aria-describedby=\"wp-block-file--media-d83c2da3-2f7a-4be9-a7bf-c1b9054d24b0\">Descarregar<\/a><\/div>\n\n\n\n<div class=\"wp-block-file\"><a id=\"wp-block-file--media-fee01b99-e966-46b8-a45d-97ea36bf0dc2\" href=\"https:\/\/forumined.ese.ipp.pt\/wp-content\/uploads\/2021\/07\/Livro-de-resumos.pdf\">Livro de resumos<\/a><a href=\"https:\/\/forumined.ese.ipp.pt\/wp-content\/uploads\/2021\/07\/Livro-de-resumos.pdf\" class=\"wp-block-file__button wp-element-button\" download aria-describedby=\"wp-block-file--media-fee01b99-e966-46b8-a45d-97ea36bf0dc2\">Descarregar<\/a><\/div>\n\n\n\n<p><\/p>\n\n\n\n<p><\/p>\n\n\n\n<p><\/p>\n","protected":false},"excerpt":{"rendered":"<p>PROGRAMA 2 de Julho 09h30-10h00 &#8211; Sess\u00e3o de Abertura (A118) 10h00-10h45 &#8211; Confer\u00eancia de Abertura: Planeamento estrat\u00e9gico e a\u00e7\u00e3o coletiva: desafios \u00e0 investiga\u00e7\u00e3o em educa\u00e7\u00e3o 10h45-11h00 &#8211; Coffee break 11h00-12h30 &#8211; inED Research Caf\u00e9: Consolida\u00e7\u00e3o das Condi\u00e7\u00f5es de Investiga\u00e7\u00e3o (Edif\u00edcio Biblioteca) 12h30-14h00 &#8211; Almo\u00e7o 14h00-15h00 &#8211; Sess\u00e3o de Posters (18 posters) 15h00-15h45 &#8211; Envolvimento dos [&hellip;]<\/p>\n","protected":false},"author":2,"featured_media":0,"parent":0,"menu_order":0,"comment_status":"closed","ping_status":"closed","template":"","meta":{"footnotes":""},"class_list":["post-32","page","type-page","status-publish","hentry"],"_links":{"self":[{"href":"https:\/\/forumined.ese.ipp.pt\/index.php?rest_route=\/wp\/v2\/pages\/32","targetHints":{"allow":["GET"]}}],"collection":[{"href":"https:\/\/forumined.ese.ipp.pt\/index.php?rest_route=\/wp\/v2\/pages"}],"about":[{"href":"https:\/\/forumined.ese.ipp.pt\/index.php?rest_route=\/wp\/v2\/types\/page"}],"author":[{"embeddable":true,"href":"https:\/\/forumined.ese.ipp.pt\/index.php?rest_route=\/wp\/v2\/users\/2"}],"replies":[{"embeddable":true,"href":"https:\/\/forumined.ese.ipp.pt\/index.php?rest_route=%2Fwp%2Fv2%2Fcomments&post=32"}],"version-history":[{"count":87,"href":"https:\/\/forumined.ese.ipp.pt\/index.php?rest_route=\/wp\/v2\/pages\/32\/revisions"}],"predecessor-version":[{"id":742,"href":"https:\/\/forumined.ese.ipp.pt\/index.php?rest_route=\/wp\/v2\/pages\/32\/revisions\/742"}],"wp:attachment":[{"href":"https:\/\/forumined.ese.ipp.pt\/index.php?rest_route=%2Fwp%2Fv2%2Fmedia&parent=32"}],"curies":[{"name":"wp","href":"https:\/\/api.w.org\/{rel}","templated":true}]}}