{"id":337,"date":"2021-02-06T23:36:27","date_gmt":"2021-02-06T22:36:27","guid":{"rendered":"http:\/\/forumined.ese.ipp.pt\/inicio\/?page_id=337"},"modified":"2025-06-04T14:51:10","modified_gmt":"2025-06-04T13:51:10","slug":"inscricao","status":"publish","type":"page","link":"https:\/\/forumined.ese.ipp.pt\/?page_id=337","title":{"rendered":"Inscri\u00e7\u00e3o"},"content":{"rendered":"\n<p>A inscri\u00e7\u00e3o \u00e9 gratuita mas obrigat\u00f3ria.<\/p>\n\n\n\n<p>Para realizar a inscri\u00e7\u00e3o dever\u00e1 aceder ao formul\u00e1rio dispon\u00edvel <a href=\"https:\/\/forms.office.com\/e\/FG3BM9Jeeg\" data-type=\"link\" data-id=\"https:\/\/forms.office.com\/e\/FG3BM9Jeeg\">AQUI<\/a>.<\/p>\n","protected":false},"excerpt":{"rendered":"<p>A inscri\u00e7\u00e3o \u00e9 gratuita mas obrigat\u00f3ria. Para realizar a inscri\u00e7\u00e3o dever\u00e1 aceder ao formul\u00e1rio dispon\u00edvel AQUI.<\/p>\n","protected":false},"author":2,"featured_media":0,"parent":0,"menu_order":0,"comment_status":"closed","ping_status":"closed","template":"","meta":{"footnotes":""},"class_list":["post-337","page","type-page","status-publish","hentry"],"_links":{"self":[{"href":"https:\/\/forumined.ese.ipp.pt\/index.php?rest_route=\/wp\/v2\/pages\/337","targetHints":{"allow":["GET"]}}],"collection":[{"href":"https:\/\/forumined.ese.ipp.pt\/index.php?rest_route=\/wp\/v2\/pages"}],"about":[{"href":"https:\/\/forumined.ese.ipp.pt\/index.php?rest_route=\/wp\/v2\/types\/page"}],"author":[{"embeddable":true,"href":"https:\/\/forumined.ese.ipp.pt\/index.php?rest_route=\/wp\/v2\/users\/2"}],"replies":[{"embeddable":true,"href":"https:\/\/forumined.ese.ipp.pt\/index.php?rest_route=%2Fwp%2Fv2%2Fcomments&post=337"}],"version-history":[{"count":5,"href":"https:\/\/forumined.ese.ipp.pt\/index.php?rest_route=\/wp\/v2\/pages\/337\/revisions"}],"predecessor-version":[{"id":670,"href":"https:\/\/forumined.ese.ipp.pt\/index.php?rest_route=\/wp\/v2\/pages\/337\/revisions\/670"}],"wp:attachment":[{"href":"https:\/\/forumined.ese.ipp.pt\/index.php?rest_route=%2Fwp%2Fv2%2Fmedia&parent=337"}],"curies":[{"name":"wp","href":"https:\/\/api.w.org\/{rel}","templated":true}]}}