{"id":34,"date":"2019-12-27T15:01:18","date_gmt":"2019-12-27T14:01:18","guid":{"rendered":"http:\/\/forumined.ese.ipp.pt\/?page_id=34"},"modified":"2025-06-27T17:15:36","modified_gmt":"2025-06-27T16:15:36","slug":"chamada-para-trabalhos","status":"publish","type":"page","link":"https:\/\/forumined.ese.ipp.pt\/?page_id=34","title":{"rendered":"Chamada para trabalhos"},"content":{"rendered":"\n<p><\/p>\n\n\n\n<p><strong><em>Normas de submiss\u00e3o<\/em><\/strong><\/p>\n\n\n\n<p>Esta edi\u00e7\u00e3o, o F\u00f3rum Interno inED incluir\u00e1 comunica\u00e7\u00f5es livres sobre a modalidade de <strong>Poster<\/strong>&nbsp;e de <strong>Pitch<\/strong>.<\/p>\n\n\n\n<p>As propostas de <strong>Poster <\/strong>devem incluir&nbsp;t\u00edtulo, resumo (a explicita\u00e7\u00e3o do tema de trabalho, os fundamentos te\u00f3ricos em que se suporta, as implica\u00e7\u00f5es did\u00e1ticas e, se aplic\u00e1vel, a metodologia de recolha de dados e os resultados obtidos), palavras-chave e refer\u00eancias.&nbsp;Os resumos devem conter at\u00e9 250 palavras e tr\u00eas palavras-chave.<\/p>\n\n\n\n<p><strong>Template de Poster<\/strong> (o template do poster \u00e9 de uso obrigat\u00f3rio, contudo a estrutura\u00e7\u00e3o do conte\u00fado pode ser alterada)<\/p>\n\n\n\n<div class=\"wp-block-file\"><a id=\"wp-block-file--media-efb2f217-282e-4aa0-abe0-2c590428cf3d\" href=\"https:\/\/forumined.ese.ipp.pt\/wp-content\/uploads\/2025\/06\/templatesPostersinED-v3.pptx\">templatesPostersinED-v3<\/a><a href=\"https:\/\/forumined.ese.ipp.pt\/wp-content\/uploads\/2025\/06\/templatesPostersinED-v3.pptx\" class=\"wp-block-file__button wp-element-button\" download aria-describedby=\"wp-block-file--media-efb2f217-282e-4aa0-abe0-2c590428cf3d\">Descarregar<\/a><\/div>\n\n\n\n<p>Os<strong> Poster<\/strong> ser\u00e3o exibidos num espa\u00e7o da ESE &#8211; contando com uma sess\u00e3o dedicada \u00e0 apresenta\u00e7\u00e3o de cada um pelos seus autores (5-7 minutos).<\/p>\n\n\n\n<p><em>&#8211; Uma sess\u00e3o de&nbsp;poster&nbsp;permite uma apresenta\u00e7\u00e3o visual onde os autores apresentam o seu trabalho atrav\u00e9s de gr\u00e1ficos, fotografias, diagramas e texto limitado exibido em pain\u00e9is de&nbsp;poster.<\/em><\/p>\n\n\n\n<p><em>&#8211; O painel de&nbsp;poster&nbsp;dever\u00e1 ter 118,90 cm de altura por 84,10 cm de largura (A0), orientado na vertical, e montado em suporte r\u00edgido.&nbsp;<\/em><\/p>\n\n\n\n<p><em>&#8211; O conte\u00fado dever\u00e1 incluir o t\u00edtulo da apresenta\u00e7\u00e3o e a lista de autores. As letras no t\u00edtulo devem ter o tamanho 80.<\/em><\/p>\n\n\n\n<p><em>&#8211; O conte\u00fado deve ser claramente legendado e leg\u00edvel a uma dist\u00e2ncia de 1,5 a 2 metros. Recomendamos o uso de tamanhos de letra entre 24 e 36, dependendo da quantidade de texto. As letras devem ser em negrito. O tipo de letra preferido \u00e9 Arial, utilizando letras mai\u00fasculas e min\u00fasculas.<\/em><\/p>\n\n\n\n<p><em>&#8211; O esquema sugerido inclui uma introdu\u00e7\u00e3o, metodologia, resultados e conclus\u00f5es; no entanto, n\u00e3o \u00e9 necess\u00e1rio incluir todas estas sec\u00e7\u00f5es. Pode tamb\u00e9m adicionar a informa\u00e7\u00e3o de contacto do autor, perfis nas redes sociais e at\u00e9 um c\u00f3digo QR para facilitar o acesso a informa\u00e7\u00f5es relevantes.<\/em><\/p>\n\n\n\n<p><em>&#8211; Recomenda-se incluir figuras, imagens, tabelas e diagramas para melhorar a apresenta\u00e7\u00e3o dos dados.<\/em><\/p>\n\n\n\n<p>As propostas de <strong>Pitch <\/strong>devem incluir&nbsp;t\u00edtulo, resumo (a explicita\u00e7\u00e3o do tema de trabalho, os fundamentos te\u00f3ricos em que se suporta, as implica\u00e7\u00f5es did\u00e1ticas e, se aplic\u00e1vel, a metodologia de recolha de dados e os resultados obtidos), palavras-chave e refer\u00eancias.&nbsp;Os resumos devem conter at\u00e9 250 palavras e tr\u00eas palavras-chave.<\/p>\n\n\n\n<p>As comunica\u00e7\u00f5es <strong>Pitch<\/strong>&nbsp;ter\u00e3o a dura\u00e7\u00e3o de 7 minutos, na qual os estudantes apresentar\u00e3o de forma breve e direta a sua investiga\u00e7\u00e3o &#8211; informa\u00e7\u00e3o priorit\u00e1ria sobre a ideia, relev\u00e2ncia da investiga\u00e7\u00e3o, principais resultados, de modo a manter a aten\u00e7\u00e3o da audi\u00eancia e despertar a sua curiosidade.<\/p>\n\n\n\n<p>Convida-se todos os investigadores do inED e estudantes a submeterem as suas comunica\u00e7\u00f5es!<\/p>\n\n\n\n<div style=\"height:33px\" aria-hidden=\"true\" class=\"wp-block-spacer\"><\/div>\n\n\n\n<p><strong>Template para apresenta\u00e7\u00e3o<\/strong><\/p>\n\n\n\n<div class=\"wp-block-file\"><a id=\"wp-block-file--media-27e0616c-6ba9-424c-a958-71905d8ec5dd\" href=\"https:\/\/forumined.ese.ipp.pt\/wp-content\/uploads\/2025\/06\/Template-apresentacao_ForuminED_ppt-1.pptx\">Template-apresentacao_ForuminED_ppt-1<\/a><a href=\"https:\/\/forumined.ese.ipp.pt\/wp-content\/uploads\/2025\/06\/Template-apresentacao_ForuminED_ppt-1.pptx\" class=\"wp-block-file__button wp-element-button\" download aria-describedby=\"wp-block-file--media-27e0616c-6ba9-424c-a958-71905d8ec5dd\">Descarregar<\/a><\/div>\n\n\n\n<p><em><strong>Linhas tem\u00e1ticas<\/strong><\/em><\/p>\n\n\n\n<ul class=\"wp-block-list\">\n<li>Desafios Sociais, Cultura e Educa\u00e7\u00e3o<\/li>\n\n\n\n<li>Educa\u00e7\u00e3o Especial e Pedagogia Inclusiva<\/li>\n\n\n\n<li>Forma\u00e7\u00e3o de Professores e Desenvolvimento Profissional<\/li>\n<\/ul>\n\n\n\n<div style=\"height:38px\" aria-hidden=\"true\" class=\"wp-block-spacer\"><\/div>\n\n\n\n<p><em><strong>Submiss\u00e3o<\/strong><\/em><strong><em> de propostas<\/em><\/strong><\/p>\n\n\n\n<p class=\"has-vivid-cyan-blue-color has-text-color has-normal-font-size\">Para iniciar o processo de submiss\u00e3o de trabalhos, clique <a href=\"https:\/\/cmt3.research.microsoft.com\/ForuminED2025\" data-type=\"URL\" data-id=\"https:\/\/cmt3.research.microsoft.com\/ForumInEd2023\" target=\"_blank\" rel=\"noreferrer noopener\">AQUI<\/a>.<\/p>\n\n\n\n<p><\/p>\n\n\n\n<p>The&nbsp;<a href=\"https:\/\/cmt3.research.microsoft.com\/\">Microsoft CMT service<\/a>&nbsp;was used for managing the peer-reviewing process for this conference. This service was provided for free by Microsoft and they bore all expenses, including costs for Azure cloud services as well as for software development and support.<\/p>\n\n\n\n<p><em><strong>Publica\u00e7\u00e3o<\/strong><\/em><\/p>\n\n\n\n<div class=\"wp-block-group\"><div class=\"wp-block-group__inner-container is-layout-flow wp-block-group-is-layout-flow\">\n<ul class=\"wp-block-list\">\n<li><em><strong><strong>25 de junho de 202<\/strong>5<\/strong>&nbsp;\u2013 fim do prazo de submiss\u00e3o de propostas<\/em><\/li>\n<\/ul>\n\n\n\n<ul class=\"wp-block-list\">\n<li><em><strong><strong>30 de<\/strong> <strong>junho de 202<\/strong>5<\/strong><strong>&nbsp;<\/strong>\u2013 comunica\u00e7\u00e3o de aceita\u00e7\u00e3o das propostas<\/em><\/li>\n<\/ul>\n\n\n\n<ul class=\"wp-block-list\">\n<li><em><strong><strong>30 de junho de 202<\/strong>5<\/strong>&nbsp;\u2013 divulga\u00e7\u00e3o do programa<\/em><\/li>\n<\/ul>\n<\/div><\/div>\n","protected":false},"excerpt":{"rendered":"<p>Normas de submiss\u00e3o Esta edi\u00e7\u00e3o, o F\u00f3rum Interno inED incluir\u00e1 comunica\u00e7\u00f5es livres sobre a modalidade de Poster&nbsp;e de Pitch. As propostas de Poster devem incluir&nbsp;t\u00edtulo, resumo (a explicita\u00e7\u00e3o do tema de trabalho, os fundamentos te\u00f3ricos em que se suporta, as implica\u00e7\u00f5es did\u00e1ticas e, se aplic\u00e1vel, a metodologia de recolha de dados e os resultados obtidos), [&hellip;]<\/p>\n","protected":false},"author":2,"featured_media":0,"parent":0,"menu_order":0,"comment_status":"closed","ping_status":"closed","template":"","meta":{"footnotes":""},"class_list":["post-34","page","type-page","status-publish","hentry"],"_links":{"self":[{"href":"https:\/\/forumined.ese.ipp.pt\/index.php?rest_route=\/wp\/v2\/pages\/34","targetHints":{"allow":["GET"]}}],"collection":[{"href":"https:\/\/forumined.ese.ipp.pt\/index.php?rest_route=\/wp\/v2\/pages"}],"about":[{"href":"https:\/\/forumined.ese.ipp.pt\/index.php?rest_route=\/wp\/v2\/types\/page"}],"author":[{"embeddable":true,"href":"https:\/\/forumined.ese.ipp.pt\/index.php?rest_route=\/wp\/v2\/users\/2"}],"replies":[{"embeddable":true,"href":"https:\/\/forumined.ese.ipp.pt\/index.php?rest_route=%2Fwp%2Fv2%2Fcomments&post=34"}],"version-history":[{"count":37,"href":"https:\/\/forumined.ese.ipp.pt\/index.php?rest_route=\/wp\/v2\/pages\/34\/revisions"}],"predecessor-version":[{"id":721,"href":"https:\/\/forumined.ese.ipp.pt\/index.php?rest_route=\/wp\/v2\/pages\/34\/revisions\/721"}],"wp:attachment":[{"href":"https:\/\/forumined.ese.ipp.pt\/index.php?rest_route=%2Fwp%2Fv2%2Fmedia&parent=34"}],"curies":[{"name":"wp","href":"https:\/\/api.w.org\/{rel}","templated":true}]}}